{"id":892,"date":"2021-11-17T12:25:39","date_gmt":"2021-11-17T12:25:39","guid":{"rendered":"https:\/\/www.algarorange.com\/news\/"},"modified":"2021-11-18T12:58:27","modified_gmt":"2021-11-18T12:58:27","slug":"news","status":"publish","type":"page","link":"https:\/\/www.algarorange.com\/en\/news\/","title":{"rendered":"NEWS"},"content":{"rendered":"\t\t<div data-elementor-type=\"wp-page\" data-elementor-id=\"892\" class=\"elementor elementor-892 elementor-288\" data-elementor-settings=\"[]\">\n\t\t\t\t\t\t<div class=\"elementor-inner\">\n\t\t\t\t\t\t\t<div class=\"elementor-section-wrap\">\n\t\t\t\t\t\t\t<section class=\"elementor-section elementor-top-section elementor-element elementor-element-4d1d18f elementor-section-boxed elementor-section-height-default elementor-section-height-default\" data-id=\"4d1d18f\" data-element_type=\"section\">\n\t\t\t\t\t\t<div class=\"elementor-container elementor-column-gap-default\">\n\t\t\t\t\t\t\t<div class=\"elementor-row\">\n\t\t\t\t\t<div class=\"elementor-column elementor-col-100 elementor-top-column elementor-element elementor-element-16e36b8\" data-id=\"16e36b8\" data-element_type=\"column\">\n\t\t\t<div class=\"elementor-column-wrap elementor-element-populated\">\n\t\t\t\t\t\t\t<div class=\"elementor-widget-wrap\">\n\t\t\t\t\t\t<div class=\"elementor-element elementor-element-26be660 elementor-invisible elementor-widget elementor-widget-heading\" data-id=\"26be660\" data-element_type=\"widget\" data-settings=\"{&quot;_animation&quot;:&quot;fadeInUp&quot;}\" data-widget_type=\"heading.default\">\n\t\t\t\t<div class=\"elementor-widget-container\">\n\t\t\t<h6 class=\"elementor-heading-title elementor-size-default\">NEWS<\/h6>\t\t<\/div>\n\t\t\t\t<\/div>\n\t\t\t\t<div class=\"elementor-element elementor-element-3deeba8 elementor-invisible elementor-widget elementor-widget-heading\" data-id=\"3deeba8\" data-element_type=\"widget\" data-settings=\"{&quot;_animation&quot;:&quot;fadeInUp&quot;,&quot;_animation_delay&quot;:300}\" data-widget_type=\"heading.default\">\n\t\t\t\t<div class=\"elementor-widget-container\">\n\t\t\t<h1 class=\"elementor-heading-title elementor-size-default\">Keep up with the news, initiatives and information about Citrinos do Algarve<\/h1>\t\t<\/div>\n\t\t\t\t<\/div>\n\t\t\t\t<div class=\"elementor-element elementor-element-1e04cdf elementor-widget elementor-widget-spacer\" data-id=\"1e04cdf\" data-element_type=\"widget\" data-widget_type=\"spacer.default\">\n\t\t\t\t<div class=\"elementor-widget-container\">\n\t\t\t\t\t<div class=\"elementor-spacer\">\n\t\t\t<div class=\"elementor-spacer-inner\"><\/div>\n\t\t<\/div>\n\t\t\t\t<\/div>\n\t\t\t\t<\/div>\n\t\t\t\t\t\t<\/div>\n\t\t\t\t\t<\/div>\n\t\t<\/div>\n\t\t\t\t\t\t\t\t<\/div>\n\t\t\t\t\t<\/div>\n\t\t<\/section>\n\t\t\t\t<section class=\"elementor-section elementor-top-section elementor-element elementor-element-e99a8c8 elementor-section-boxed elementor-section-height-default elementor-section-height-default elementor-invisible\" data-id=\"e99a8c8\" data-element_type=\"section\" data-settings=\"{&quot;animation&quot;:&quot;fadeInUp&quot;,&quot;animation_delay&quot;:500}\">\n\t\t\t\t\t\t<div class=\"elementor-container elementor-column-gap-default\">\n\t\t\t\t\t\t\t<div class=\"elementor-row\">\n\t\t\t\t\t<div class=\"elementor-column elementor-col-100 elementor-top-column elementor-element elementor-element-e3cb5ba\" data-id=\"e3cb5ba\" data-element_type=\"column\">\n\t\t\t<div class=\"elementor-column-wrap elementor-element-populated\">\n\t\t\t\t\t\t\t<div class=\"elementor-widget-wrap\">\n\t\t\t\t\t\t<div class=\"elementor-element elementor-element-d054e24 list-collapse-mobile-true row-1 sep-content-border elementor-widget elementor-widget-wp-post-modules-el\" data-id=\"d054e24\" data-element_type=\"widget\" data-widget_type=\"wp-post-modules-el.default\">\n\t\t\t\t<div class=\"elementor-widget-container\">\n\t\t\t<div class=\"wppm wppm-grid list-enabled columns-1 columns_tablet-2 columns_mobile-1\"><article  class=\"wppm-el-post 896 post-896 post type-post status-publish format-standard has-post-thumbnail hentry category-uncategorized\"><div class=\"wppm-post-wrap\"><div class=\"entry-content\"><h2 class=\"entry-title\"><a href=\"https:\/\/www.algarorange.com\/en\/algarorange-presents-internationalisation-plans\/\" title=\"AlgarOrange presents Internationalisation plans\">AlgarOrange presents Internationalisation plans<\/a><\/h2><aside class=\"meta-row row-2\"><div class=\"meta-col\"><ul class=\"entry-meta\"><li class=\"post-time\"><time class=\"entry-date\" datetime=\"2021-11-17T12:26:35+00:00\">November 17, 2021<\/time><\/li><li class=\"post-author schema-only\"><span class=\"screen-reader-text\">Author <\/span><a href=\"https:\/\/www.algarorange.com\/en\/author\/wsuporte\/\">wsuporte<\/a><\/li><\/ul><\/div><\/aside><p class=\"post-text\">On 6th December, AlgarOrange, Associa\u00e7\u00e3o dos Operadores de Citrinos do Algarve organised the Seminar \u201cPromo\u00e7\u00e3o dos Citrinos do Algarve nos Mercados Externos\u201d [Promoting Citrinos do Algarve in Foreign Markets], where it presented its internationalisation plans.&hellip;<\/p><aside class=\"meta-row row-3\"><div class=\"meta-col col-50\"><a class=\"readmore-link\" href=\"https:\/\/www.algarorange.com\/en\/algarorange-presents-internationalisation-plans\/\">LER MAIS<\/a><\/div><div class=\"meta-col col-50 text-right\"><\/div><\/aside><\/div><div class=\"post-img\"><a href=\"https:\/\/www.algarorange.com\/en\/algarorange-presents-internationalisation-plans\/\" title=\"AlgarOrange presents Internationalisation plans\"><img src=\"https:\/\/www.algarorange.com\/wp-content\/uploads\/bfi_thumb\/n1-6wr3hjubkl737fdnmikuudhf9ki8yy5pc9gs77j2zq2.jpg\" class=\"attachment-0x0xtruexx90x size-0x0xtruexx90x wp-post-image\" alt=\"\" loading=\"lazy\" \/><\/a><\/div><\/div><\/article><article  class=\"wppm-el-post 894 post-894 post type-post status-publish format-standard has-post-thumbnail hentry category-uncategorized\"><div class=\"wppm-post-wrap\"><div class=\"entry-content\"><h2 class=\"entry-title\"><a href=\"https:\/\/www.algarorange.com\/en\/seminar-and-debate-plant-health-threats-to-citrus-fruits\/\" title=\"Seminar and debate plant health threats to citrus fruits\">Seminar and debate plant health threats to citrus fruits<\/a><\/h2><aside class=\"meta-row row-2\"><div class=\"meta-col\"><ul class=\"entry-meta\"><li class=\"post-time\"><time class=\"entry-date\" datetime=\"2021-11-17T12:26:11+00:00\">November 17, 2021<\/time><\/li><li class=\"post-author schema-only\"><span class=\"screen-reader-text\">Author <\/span><a href=\"https:\/\/www.algarorange.com\/en\/author\/wsuporte\/\">wsuporte<\/a><\/li><\/ul><\/div><\/aside><p class=\"post-text\">On 20th February, AlgarOrange organised the Seminar \u201cAmea\u00e7as fitossanit\u00e1rias aos citrinos\u201d [Plant health threats to citrus fruits]. Nuno Russo, Secretary of State for Agriculture and Rural Development, Pedro Monteiro, Algarve Regional Director of Agriculture and&hellip;<\/p><aside class=\"meta-row row-3\"><div class=\"meta-col col-50\"><a class=\"readmore-link\" href=\"https:\/\/www.algarorange.com\/en\/seminar-and-debate-plant-health-threats-to-citrus-fruits\/\">LER MAIS<\/a><\/div><div class=\"meta-col col-50 text-right\"><\/div><\/aside><\/div><div class=\"post-img\"><a href=\"https:\/\/www.algarorange.com\/en\/seminar-and-debate-plant-health-threats-to-citrus-fruits\/\" title=\"Seminar and debate plant health threats to citrus fruits\"><img src=\"https:\/\/www.algarorange.com\/wp-content\/uploads\/bfi_thumb\/n2-6wr3kzlqkfwic31vvu2qgo945aw8sfh11a11pz3kwgq.jpg\" class=\"attachment-0x0xtruexx90x size-0x0xtruexx90x wp-post-image\" alt=\"\" loading=\"lazy\" \/><\/a><\/div><\/div><\/article><\/div>\t\t<\/div>\n\t\t\t\t<\/div>\n\t\t\t\t\t\t<\/div>\n\t\t\t\t\t<\/div>\n\t\t<\/div>\n\t\t\t\t\t\t\t\t<\/div>\n\t\t\t\t\t<\/div>\n\t\t<\/section>\n\t\t\t\t\t\t<\/div>\n\t\t\t\t\t\t<\/div>\n\t\t\t\t\t<\/div>\n\t\t","protected":false},"excerpt":{"rendered":"<p>NEWS Keep up with the news, initiatives and information about Citrinos do Algarve Semin\u00e1rio debate amea\u00e7as fitossanit\u00e1rias aos citrinos Fevereiro 20, 2020 Author wsuporte A AlgarOrange organizou, dia 20 de fevereiro, o Semin\u00e1rio \u201cAmea\u00e7as fitossanit\u00e1rias aos citrinos\u201d. O evento contou com a participa\u00e7\u00e3o de Nuno Russo, Secret\u00e1rio de Estado da Agricultura e do Desenvolvimento Rural, [&hellip;]<\/p>\n","protected":false},"author":1,"featured_media":800,"parent":0,"menu_order":0,"comment_status":"closed","ping_status":"closed","template":"","meta":[],"_links":{"self":[{"href":"https:\/\/www.algarorange.com\/en\/wp-json\/wp\/v2\/pages\/892"}],"collection":[{"href":"https:\/\/www.algarorange.com\/en\/wp-json\/wp\/v2\/pages"}],"about":[{"href":"https:\/\/www.algarorange.com\/en\/wp-json\/wp\/v2\/types\/page"}],"author":[{"embeddable":true,"href":"https:\/\/www.algarorange.com\/en\/wp-json\/wp\/v2\/users\/1"}],"replies":[{"embeddable":true,"href":"https:\/\/www.algarorange.com\/en\/wp-json\/wp\/v2\/comments?post=892"}],"version-history":[{"count":3,"href":"https:\/\/www.algarorange.com\/en\/wp-json\/wp\/v2\/pages\/892\/revisions"}],"predecessor-version":[{"id":957,"href":"https:\/\/www.algarorange.com\/en\/wp-json\/wp\/v2\/pages\/892\/revisions\/957"}],"wp:featuredmedia":[{"embeddable":true,"href":"https:\/\/www.algarorange.com\/en\/wp-json\/wp\/v2\/media\/800"}],"wp:attachment":[{"href":"https:\/\/www.algarorange.com\/en\/wp-json\/wp\/v2\/media?parent=892"}],"curies":[{"name":"wp","href":"https:\/\/api.w.org\/{rel}","templated":true}]}}